{"id":10,"date":"2026-03-30T09:45:03","date_gmt":"2026-03-30T09:45:03","guid":{"rendered":"https:\/\/onlinezisk.cz\/?page_id=10"},"modified":"2026-03-30T10:33:37","modified_gmt":"2026-03-30T10:33:37","slug":"domu","status":"publish","type":"page","link":"https:\/\/onlinezisk.cz\/","title":{"rendered":"\ud83d\udcb8 Vyd\u011bl\u00e1vej pen\u00edze online jednodu\u0161e"},"content":{"rendered":"\n<p>Ukazujeme re\u00e1ln\u00e9 zp\u016fsoby, jak za\u010d\u00edt vyd\u011bl\u00e1vat z domova.<br>Bez slo\u017eitost\u00ed, bez kec\u016f.<\/p>\n\n\n\n<p>Praktick\u00e9 n\u00e1vody, recenze a tipy, jak za\u010d\u00edt vyd\u011bl\u00e1vat online bez zbyte\u010dn\u00fdch slo\u017eitost\u00ed.<\/p>\n\n\n\n<div class=\"wp-block-buttons is-layout-flex wp-block-buttons-is-layout-flex\">\n<div class=\"wp-block-button\"><a class=\"wp-block-button__link wp-element-button\">Za\u010d\u00edt vyd\u011bl\u00e1vat<\/a><\/div>\n<\/div>\n\n\n\n<h2 class=\"wp-block-heading\">Co se na webu nau\u010d\u00ed\u0161<\/h2>\n\n\n\n<ul class=\"wp-block-list\">\n<li>\ud83d\udcbb Affiliate marketing <\/li>\n\n\n\n<li>\ud83c\udfe0 Pr\u00e1ce z domova <\/li>\n\n\n\n<li>\ud83d\ude80 Online podnik\u00e1n\u00ed<\/li>\n<\/ul>\n\n\n\n<h3 class=\"wp-block-heading\">1\ufe0f\u20e3<\/h3>\n\n\n\n<p>\ud83d\udc49 <strong>Affiliate marketing<\/strong><\/p>\n\n\n\n<p><br>Vyd\u011bl\u00e1v\u00e1n\u00ed pen\u011bz doporu\u010dov\u00e1n\u00edm produkt\u016f a slu\u017eeb.<br>Jedna z nejjednodu\u0161\u0161\u00edch cest onlin<\/p>\n\n\n\n<p><\/p>\n\n\n\n<h3 class=\"wp-block-heading\">2\ufe0f\u20e3<\/h3>\n\n\n\n<p>\ud83d\udc49<strong> Pr\u00e1ce z domova<\/strong><\/p>\n\n\n\n<p><br>Mo\u017enosti, jak vyd\u011bl\u00e1vat z pohodl\u00ed domova.<br>Re\u00e1ln\u00e9 tipy a n\u00e1vody.<\/p>\n\n\n\n<p><\/p>\n\n\n\n<p><\/p>\n\n\n\n<h3 class=\"wp-block-heading\">3\ufe0f\u20e3<\/h3>\n\n\n\n<p>\ud83d\udc49 <strong>Online podnik\u00e1n\u00ed<\/strong><br><\/p>\n\n\n\n<p>Jak si vybudovat vlastn\u00ed projekt a dlouhodob\u00fd p\u0159\u00edjem.<br>Krok za krokem.<\/p>\n\n\n\n<div class=\"wp-block-columns is-layout-flex wp-container-core-columns-is-layout-28f84493 wp-block-columns-is-layout-flex\">\n<div class=\"wp-block-column is-layout-flow wp-block-column-is-layout-flow\"><\/div>\n\n\n\n<div class=\"wp-block-column is-layout-flow wp-block-column-is-layout-flow\"><\/div>\n<\/div>\n\n\n\n<div class=\"wp-block-columns is-layout-flex wp-container-core-columns-is-layout-28f84493 wp-block-columns-is-layout-flex\">\n<div class=\"wp-block-column is-layout-flow wp-block-column-is-layout-flow\"><\/div>\n\n\n\n<div class=\"wp-block-column is-layout-flow wp-block-column-is-layout-flow\"><\/div>\n\n\n\n<div class=\"wp-block-column is-layout-flow wp-block-column-is-layout-flow\"><\/div>\n<\/div>\n\n\n\n<p><\/p>\n","protected":false},"excerpt":{"rendered":"<p>Ukazujeme re\u00e1ln\u00e9 zp\u016fsoby, jak za\u010d\u00edt vyd\u011bl\u00e1vat z domova.Bez slo\u017eitost\u00ed, bez kec\u016f. Praktick\u00e9 n\u00e1vody, recenze a tipy, jak za\u010d\u00edt vyd\u011bl\u00e1vat online [&hellip;]<\/p>\n","protected":false},"author":1,"featured_media":0,"parent":0,"menu_order":0,"comment_status":"closed","ping_status":"closed","template":"","meta":{"site-sidebar-layout":"default","site-content-layout":"","ast-site-content-layout":"default","site-content-style":"default","site-sidebar-style":"default","ast-global-header-display":"","ast-banner-title-visibility":"","ast-main-header-display":"","ast-hfb-above-header-display":"","ast-hfb-below-header-display":"","ast-hfb-mobile-header-display":"","site-post-title":"","ast-breadcrumbs-content":"","ast-featured-img":"","footer-sml-layout":"","ast-disable-related-posts":"","theme-transparent-header-meta":"","adv-header-id-meta":"","stick-header-meta":"","header-above-stick-meta":"","header-main-stick-meta":"","header-below-stick-meta":"","astra-migrate-meta-layouts":"default","ast-page-background-enabled":"default","ast-page-background-meta":{"desktop":{"background-color":"var(--ast-global-color-5)","background-image":"","background-repeat":"repeat","background-position":"center center","background-size":"auto","background-attachment":"scroll","background-type":"","background-media":"","overlay-type":"","overlay-color":"","overlay-opacity":"","overlay-gradient":""},"tablet":{"background-color":"","background-image":"","background-repeat":"repeat","background-position":"center center","background-size":"auto","background-attachment":"scroll","background-type":"","background-media":"","overlay-type":"","overlay-color":"","overlay-opacity":"","overlay-gradient":""},"mobile":{"background-color":"","background-image":"","background-repeat":"repeat","background-position":"center center","background-size":"auto","background-attachment":"scroll","background-type":"","background-media":"","overlay-type":"","overlay-color":"","overlay-opacity":"","overlay-gradient":""}},"ast-content-background-meta":{"desktop":{"background-color":"var(--ast-global-color-4)","background-image":"","background-repeat":"repeat","background-position":"center center","background-size":"auto","background-attachment":"scroll","background-type":"","background-media":"","overlay-type":"","overlay-color":"","overlay-opacity":"","overlay-gradient":""},"tablet":{"background-color":"var(--ast-global-color-4)","background-image":"","background-repeat":"repeat","background-position":"center center","background-size":"auto","background-attachment":"scroll","background-type":"","background-media":"","overlay-type":"","overlay-color":"","overlay-opacity":"","overlay-gradient":""},"mobile":{"background-color":"var(--ast-global-color-4)","background-image":"","background-repeat":"repeat","background-position":"center center","background-size":"auto","background-attachment":"scroll","background-type":"","background-media":"","overlay-type":"","overlay-color":"","overlay-opacity":"","overlay-gradient":""}},"footnotes":""},"class_list":["post-10","page","type-page","status-publish","hentry"],"_links":{"self":[{"href":"https:\/\/onlinezisk.cz\/index.php?rest_route=\/wp\/v2\/pages\/10","targetHints":{"allow":["GET"]}}],"collection":[{"href":"https:\/\/onlinezisk.cz\/index.php?rest_route=\/wp\/v2\/pages"}],"about":[{"href":"https:\/\/onlinezisk.cz\/index.php?rest_route=\/wp\/v2\/types\/page"}],"author":[{"embeddable":true,"href":"https:\/\/onlinezisk.cz\/index.php?rest_route=\/wp\/v2\/users\/1"}],"replies":[{"embeddable":true,"href":"https:\/\/onlinezisk.cz\/index.php?rest_route=%2Fwp%2Fv2%2Fcomments&post=10"}],"version-history":[{"count":4,"href":"https:\/\/onlinezisk.cz\/index.php?rest_route=\/wp\/v2\/pages\/10\/revisions"}],"predecessor-version":[{"id":18,"href":"https:\/\/onlinezisk.cz\/index.php?rest_route=\/wp\/v2\/pages\/10\/revisions\/18"}],"wp:attachment":[{"href":"https:\/\/onlinezisk.cz\/index.php?rest_route=%2Fwp%2Fv2%2Fmedia&parent=10"}],"curies":[{"name":"wp","href":"https:\/\/api.w.org\/{rel}","templated":true}]}}